{"id":30,"date":"2015-01-21T18:03:35","date_gmt":"2015-01-21T16:03:35","guid":{"rendered":"https:\/\/www.sgc-avocat.com\/?page_id=30"},"modified":"2023-04-11T08:34:01","modified_gmt":"2023-04-11T06:34:01","slug":"etude","status":"publish","type":"page","link":"https:\/\/www.sgc-avocat.com\/de\/etude\/","title":{"rendered":"Kanzlei"},"content":{"rendered":"<p>2010 gegr\u00fcndet, bietet die Kanzlei, hochqualitative auf die Bed\u00fcrfnisse des Kunden, zugeschnittene Dienstleistungen.<\/p>\n<p>Die Kanzlei bietet ihre Dienstleistungen in <strong>deutsch, franz\u00f6sisch, english, italienisch<\/strong> an.<\/p>\n<p>St\u00e4ndige Weiterbildung in den Kerngebieten der Kanzlei sowie Fachpublikationen sind ein Muss und der Garant f\u00fcr qualitativ hochstehende Dienstleistungen.<\/p>\n<p>Die Kanzlei pflegt mit den Kunden, Mitbewerbern, Beh\u00f6rden, insb. Steuerbeh\u00f6rden, Beziehungen aufbauend auf gegenseitigem Respekt, Transparenz und Vertrauen.<\/p>\n<p>Die Kanzlei unterh\u00e4lt enge Beziehungen zu f\u00fchrenden Anwaltskanzleien im In- und Ausland und stellt dieses Netzwerk ihren Kunden zur Verf\u00fcgung.<\/p>","protected":false},"excerpt":{"rendered":"<p>2010 gegr\u00fcndet, bietet die Kanzlei, hochqualitative auf die Bed\u00fcrfnisse des Kunden, zugeschnittene Dienstleistungen. Die Kanzlei bietet ihre Dienstleistungen in deutsch, franz\u00f6sisch, english, italienisch an. St\u00e4ndige Weiterbildung in den Kerngebieten der Kanzlei sowie Fachpublikationen sind ein Muss und der Garant f\u00fcr qualitativ hochstehende Dienstleistungen. Die Kanzlei pflegt mit den Kunden, Mitbewerbern, Beh\u00f6rden, insb. Steuerbeh\u00f6rden, Beziehungen aufbauend [&hellip;]<\/p>\n","protected":false},"author":1,"featured_media":0,"parent":0,"menu_order":0,"comment_status":"closed","ping_status":"closed","template":"","meta":{"footnotes":""},"class_list":["post-30","page","type-page","status-publish","hentry"],"_links":{"self":[{"href":"https:\/\/www.sgc-avocat.com\/de\/wp-json\/wp\/v2\/pages\/30","targetHints":{"allow":["GET"]}}],"collection":[{"href":"https:\/\/www.sgc-avocat.com\/de\/wp-json\/wp\/v2\/pages"}],"about":[{"href":"https:\/\/www.sgc-avocat.com\/de\/wp-json\/wp\/v2\/types\/page"}],"author":[{"embeddable":true,"href":"https:\/\/www.sgc-avocat.com\/de\/wp-json\/wp\/v2\/users\/1"}],"replies":[{"embeddable":true,"href":"https:\/\/www.sgc-avocat.com\/de\/wp-json\/wp\/v2\/comments?post=30"}],"version-history":[{"count":8,"href":"https:\/\/www.sgc-avocat.com\/de\/wp-json\/wp\/v2\/pages\/30\/revisions"}],"predecessor-version":[{"id":474,"href":"https:\/\/www.sgc-avocat.com\/de\/wp-json\/wp\/v2\/pages\/30\/revisions\/474"}],"wp:attachment":[{"href":"https:\/\/www.sgc-avocat.com\/de\/wp-json\/wp\/v2\/media?parent=30"}],"curies":[{"name":"wp","href":"https:\/\/api.w.org\/{rel}","templated":true}]}}