{"id":548,"date":"2023-08-31T17:35:07","date_gmt":"2023-08-31T15:35:07","guid":{"rendered":"https:\/\/www.sgc-avocat.com\/?page_id=548"},"modified":"2023-09-04T09:55:54","modified_gmt":"2023-09-04T07:55:54","slug":"mentions-legales","status":"publish","type":"page","link":"https:\/\/www.sgc-avocat.com\/de\/mentions-legales\/","title":{"rendered":"Rechtliche Hinweise"},"content":{"rendered":"<p>Betreiberin und Eigent\u00fcmerin dieser Webseite ist SGC AVOCAT Etude Sibilla G. Cretti, Rue de Rugin 17, 2034 Peseux, SCHWEIZ. Postadresse: Postfach 271 CH-2002 Neuch\u00e2tel, SCHWEIZ (hiernach als \u00abWir\u00bb oder \u00abdie Betreiberin\u00bb gekennzeichnet). Emailadresse: <a href=\"mailto:sibilla.cretti@sgc-avocat.com\">sibilla.cretti@sgc-avocat.com<\/a>.<\/p>\n<p>&nbsp;<\/p>\n<h4>Haftung<\/h4>\n<p>Die auf dieser Webseite abrufbaren Inhalte dienen ausschliesslich Informationszwecken. Sie stellen weder eine Rechtsauskunft noch Rechtsberatung zu bestimmten Themenbereichen dar.<\/p>\n<p>Wir (die Betreiberin) bem\u00fchen uns um die Richtigkeit und Aktualisierung der Informationen auf dieser Webseite. Wir \u00fcbernehmen jedoch keine Gew\u00e4hr f\u00fcr Aktualit\u00e4t, Korrektheit, Vollst\u00e4ndigkeit und Qualit\u00e4t der zur Verf\u00fcgung gestellten Informationen. Informationen auf dieser Webseite k\u00f6nnen jederzeit und ohne Vorank\u00fcndigung erg\u00e4nzt, ver\u00e4ndert oder gel\u00f6scht werden, oder derer Ver\u00f6ffentlichung tempor\u00e4r oder endg\u00fcltig eingestellt werden. Haftungsanspr\u00fcche daraus sind ausgeschlossen. Wir \u00fcbernehmen keine Haftung f\u00fcr Inhalte Dritter, die \u00fcber diese Webseite aufgerufen werden k\u00f6nnen.<\/p>\n<p>Haftungsanspr\u00fcche gegen die Betreiberin f\u00fcr Sch\u00e4den materieller oder immaterieller Art, welche aus dem Zugriff oder der Nutzung von ver\u00f6ffentlichten Informationen, durch Missbrauch der Verbindung oder durch technische St\u00f6rungen entstanden sind, werden ausdr\u00fccklich ausgeschlossen<\/p>\n<p>&nbsp;<\/p>\n<h4>Kommunikation \u00fcber E-Mails<\/h4>\n<p>Die Kommunikation \u00fcber E-Mail und Internet ist nie zu 100% sicher oder vertraulich. Wir (die Betreiberin) \u00fcbernehmen keine Haftung f\u00fcr die Verletzung des Berufsgeheimnisses, die auf die Kommunikation \u00fcber E-Mails zur\u00fcckzuf\u00fchren ist.<\/p>\n<p>Der Empfang von E-Mails kann aus technischen oder betrieblichen Gr\u00fcnden gest\u00f6rt sein, weshalb wir in solchen F\u00e4llen keine Garantie f\u00fcr eine zeitgerechte Bearbeitung \u00fcbernehmen k\u00f6nnen. Wir bitten Sie deshalb, zeitkritische oder wichtige Mitteilungen per Post oder Kurier zu senden.<\/p>\n<p>&nbsp;<\/p>\n<h4>Urheberrecht<\/h4>\n<p>S\u00e4mtliche Inhalte (Bilder, Texte, Dokumente, Webseite, weitere Kommunikationsmittel), die auf dieser Webseite zu finden sind, sind urheberrechtlich gesch\u00fctzt. Deren Verwendung ohne die schriftliche Zustimmung der Betreiberin ist ausdr\u00fccklich untersagt.<\/p>\n<p>&nbsp;<\/p>\n<h4>Gerichtstand<\/h4>\n<p>Diese Nutzungsbedingungen unterliegen dem schweizerischen Recht. Die Gerichtsbarkeit f\u00fcr alle Streitigkeiten, die sich aus oder im Zusammenhang mit Ihrer Nutzung dieser Webseite ergeben, liegt ausschliesslich bei den Gerichten in <strong>Neuch\u00e2tel, Schweiz.<\/strong><\/p>\n<p>&nbsp;<\/p>\n<p>&nbsp;<\/p>\n<p>&nbsp;<\/p>\n<p><strong>\u00a0<\/strong><\/p>\n<p><strong>\u00a0<\/strong><\/p>","protected":false},"excerpt":{"rendered":"<p>Betreiberin und Eigent\u00fcmerin dieser Webseite ist SGC AVOCAT Etude Sibilla G. Cretti, Rue de Rugin 17, 2034 Peseux, SCHWEIZ. Postadresse: Postfach 271 CH-2002 Neuch\u00e2tel, SCHWEIZ (hiernach als \u00abWir\u00bb oder \u00abdie Betreiberin\u00bb gekennzeichnet). Emailadresse: sibilla.cretti@sgc-avocat.com. &nbsp; Haftung Die auf dieser Webseite abrufbaren Inhalte dienen ausschliesslich Informationszwecken. Sie stellen weder eine Rechtsauskunft noch Rechtsberatung zu bestimmten Themenbereichen [&hellip;]<\/p>\n","protected":false},"author":1,"featured_media":0,"parent":0,"menu_order":0,"comment_status":"closed","ping_status":"closed","template":"","meta":{"footnotes":""},"class_list":["post-548","page","type-page","status-publish","hentry"],"_links":{"self":[{"href":"https:\/\/www.sgc-avocat.com\/de\/wp-json\/wp\/v2\/pages\/548","targetHints":{"allow":["GET"]}}],"collection":[{"href":"https:\/\/www.sgc-avocat.com\/de\/wp-json\/wp\/v2\/pages"}],"about":[{"href":"https:\/\/www.sgc-avocat.com\/de\/wp-json\/wp\/v2\/types\/page"}],"author":[{"embeddable":true,"href":"https:\/\/www.sgc-avocat.com\/de\/wp-json\/wp\/v2\/users\/1"}],"replies":[{"embeddable":true,"href":"https:\/\/www.sgc-avocat.com\/de\/wp-json\/wp\/v2\/comments?post=548"}],"version-history":[{"count":5,"href":"https:\/\/www.sgc-avocat.com\/de\/wp-json\/wp\/v2\/pages\/548\/revisions"}],"predecessor-version":[{"id":561,"href":"https:\/\/www.sgc-avocat.com\/de\/wp-json\/wp\/v2\/pages\/548\/revisions\/561"}],"wp:attachment":[{"href":"https:\/\/www.sgc-avocat.com\/de\/wp-json\/wp\/v2\/media?parent=548"}],"curies":[{"name":"wp","href":"https:\/\/api.w.org\/{rel}","templated":true}]}}